{"id":7,"date":"2018-08-30T10:45:30","date_gmt":"2018-08-30T10:45:30","guid":{"rendered":"https:\/\/pelugest.com\/software-peluqueria\/?page_id=7"},"modified":"2018-08-30T10:58:54","modified_gmt":"2018-08-30T10:58:54","slug":"inicio","status":"publish","type":"page","link":"https:\/\/pelugest.com\/software-peluqueria\/inicio\/","title":{"rendered":"Inicio"},"content":{"rendered":"<div class=\"col-md-5\">\n<h3>Acerca de Pelugest<\/h3>\n<p>Pelugest es el software para la <strong>Gesti\u00f3n de Peluqueria.<br \/><\/strong><\/div>\n<div class=\"col-md-5\">Es una versi\u00f3n personalizada de Cuotagest para peluqueria y centros de est\u00e9tica. \u00bfNecesitas m\u00e1s detalles? Por favor, para informaci\u00f3n detallada de c\u00f3mo utilizar Pelugest, comprueba el <a href=\"https:\/\/cuotagest.com\/manual\/\" target=\"_blank\" rel=\"noopener\">manual disponible<\/a>.<\/div>\n","protected":false},"excerpt":{"rendered":"<p>Acerca de Pelugest Pelugest es el software para la Gesti\u00f3n de Peluqueria. Es una versi\u00f3n personalizada de Cuotagest para peluqueria y centros de est\u00e9tica. \u00bfNecesitas m\u00e1s detalles? Por favor, para informaci\u00f3n detallada de c\u00f3mo utilizar Pelugest, comprueba el manual disponible.<\/p>\n","protected":false},"author":1,"featured_media":6,"parent":0,"menu_order":0,"comment_status":"closed","ping_status":"closed","template":"","meta":{"_monsterinsights_skip_tracking":false,"_monsterinsights_sitenote_active":false,"_monsterinsights_sitenote_note":"","_monsterinsights_sitenote_category":0},"_links":{"self":[{"href":"https:\/\/pelugest.com\/software-peluqueria\/wp-json\/wp\/v2\/pages\/7"}],"collection":[{"href":"https:\/\/pelugest.com\/software-peluqueria\/wp-json\/wp\/v2\/pages"}],"about":[{"href":"https:\/\/pelugest.com\/software-peluqueria\/wp-json\/wp\/v2\/types\/page"}],"author":[{"embeddable":true,"href":"https:\/\/pelugest.com\/software-peluqueria\/wp-json\/wp\/v2\/users\/1"}],"replies":[{"embeddable":true,"href":"https:\/\/pelugest.com\/software-peluqueria\/wp-json\/wp\/v2\/comments?post=7"}],"version-history":[{"count":2,"href":"https:\/\/pelugest.com\/software-peluqueria\/wp-json\/wp\/v2\/pages\/7\/revisions"}],"predecessor-version":[{"id":15,"href":"https:\/\/pelugest.com\/software-peluqueria\/wp-json\/wp\/v2\/pages\/7\/revisions\/15"}],"wp:featuredmedia":[{"embeddable":true,"href":"https:\/\/pelugest.com\/software-peluqueria\/wp-json\/wp\/v2\/media\/6"}],"wp:attachment":[{"href":"https:\/\/pelugest.com\/software-peluqueria\/wp-json\/wp\/v2\/media?parent=7"}],"curies":[{"name":"wp","href":"https:\/\/api.w.org\/{rel}","templated":true}]}}