{"id":69,"date":"2018-08-30T11:20:23","date_gmt":"2018-08-30T11:20:23","guid":{"rendered":"https:\/\/pelugest.com\/software-peluqueria\/?page_id=69"},"modified":"2018-09-08T12:02:05","modified_gmt":"2018-09-08T12:02:05","slug":"gestion-peluqueria-y-estetica","status":"publish","type":"page","link":"https:\/\/pelugest.com\/software-peluqueria\/","title":{"rendered":"Software Peluqueria | Programa Gestion Peluquerias y Est\u00e9tica"},"content":{"rendered":"<p style=\"text-align: justify;\"><strong><a href=\"https:\/\/cuotagest.com\/web\/software-peluqueria\/\"><img loading=\"lazy\" src=\"https:\/\/pelugest.com\/software-peluqueria\/wp-content\/uploads\/2018\/08\/software_peluqueria_logo_b-300x113.png\" alt=\"software peluqueria \u00b7 gestion peluqueria\" class=\"alignright wp-image-20 size-medium\" title=\"software peluqueria\" width=\"300\" height=\"113\" srcset=\"https:\/\/pelugest.com\/software-peluqueria\/wp-content\/uploads\/2018\/08\/software_peluqueria_logo_b-300x113.png 300w, https:\/\/pelugest.com\/software-peluqueria\/wp-content\/uploads\/2018\/08\/software_peluqueria_logo_b.png 400w\" sizes=\"(max-width: 300px) 100vw, 300px\" \/><\/a>Pelugest<\/strong> es un<strong> Software Peluqueria<\/strong>, para la gesti\u00f3n de peluqueria o centros de est\u00e9tica. Software de peluqueria, gesti\u00f3n de salones o sal\u00f3n de belleza y similares. Adaptado a centros de est\u00e9tica y peluquer\u00edas.<\/p>\n<p style=\"text-align: justify;\">Es una versi\u00f3n espec\u00edfica del <a href=\"https:\/\/cuotagest.com\" target=\"_blank\" rel=\"noopener\">software Cuotagest<\/a>, para peluquer\u00edas y centros de est\u00e9tica.<\/p>\n<p style=\"text-align: justify;\">Tambi\u00e9n sirve como <strong>software peluqueria<\/strong> que tengan <strong>tarifas planas<\/strong> o <strong>recibos<\/strong> con una cuota mensual.<\/p>\n<p style=\"text-align: justify;\">Con este software podr\u00e1 gestionar los <strong>clientes<\/strong>, <strong>servicios<\/strong>, <strong>pagos<\/strong> y <strong>cobros<\/strong>, <strong>facturas<\/strong>, <strong>citas<\/strong> o <strong>reservas<\/strong>. Adem\u00e1s de permitir <strong>listados<\/strong>, <strong>estad\u00edsticas<\/strong> y <strong>previsiones<\/strong>, <strong>productos<\/strong>, etc.<\/p>\n<p><code><div class=\"rl-gallery-container rl-loading rl-pagination-ajax\" id=\"rl-gallery-container-1\" data-gallery_id=\"16\"> <div class=\"rl-gallery rl-basicgrid-gallery rl-hover-effect-1\" id=\"rl-gallery-1\" data-gallery_no=\"1\"> <div class=\"rl-gallery-item\"><a href=\"https:\/\/pelugest.com\/software-peluqueria\/wp-content\/uploads\/2018\/08\/ficha_socio_facturas.png\" title=\"\" data-rl_title=\"\" class=\"rl-gallery-link\" data-rl_caption=\"\" data-rel=\"lightbox-gallery-1\"><img src=\"https:\/\/pelugest.com\/software-peluqueria\/wp-content\/uploads\/2018\/08\/ficha_socio_facturas-300x179.png\" width=\"300\" height=\"179\" \/><\/a><\/div><div class=\"rl-gallery-item\"><a href=\"https:\/\/pelugest.com\/software-peluqueria\/wp-content\/uploads\/2018\/08\/informe_ficha_tecnica.png\" title=\"\" data-rl_title=\"\" class=\"rl-gallery-link\" data-rl_caption=\"\" data-rel=\"lightbox-gallery-1\"><img src=\"https:\/\/pelugest.com\/software-peluqueria\/wp-content\/uploads\/2018\/08\/informe_ficha_tecnica-300x249.png\" width=\"300\" height=\"249\" \/><\/a><\/div><div class=\"rl-gallery-item\"><a href=\"https:\/\/pelugest.com\/software-peluqueria\/wp-content\/uploads\/2018\/08\/ficha_socio_asistencia.png\" title=\"\" data-rl_title=\"\" class=\"rl-gallery-link\" data-rl_caption=\"\" data-rel=\"lightbox-gallery-1\"><img src=\"https:\/\/pelugest.com\/software-peluqueria\/wp-content\/uploads\/2018\/08\/ficha_socio_asistencia-300x204.png\" width=\"300\" height=\"204\" \/><\/a><\/div><div class=\"rl-gallery-item\"><a href=\"https:\/\/pelugest.com\/software-peluqueria\/wp-content\/uploads\/2018\/08\/caja_venta_directa.png\" title=\"\" data-rl_title=\"\" class=\"rl-gallery-link\" data-rl_caption=\"\" data-rel=\"lightbox-gallery-1\"><img src=\"https:\/\/pelugest.com\/software-peluqueria\/wp-content\/uploads\/2018\/08\/caja_venta_directa-300x142.png\" width=\"300\" height=\"142\" \/><\/a><\/div> <\/div> <div class=\"rl-pagination rl-pagination-bottom\"><span aria-current=\"page\" class=\"page-numbers current\">1<\/span> <a class=\"page-numbers\" href=\"https:\/\/pelugest.com\/software-peluqueria\/rl_gallery\/software-peluqueria-pelugest\/?rl_gallery_no=1&#038;rl_page=2\">2<\/a> <a class=\"next page-numbers\" href=\"https:\/\/pelugest.com\/software-peluqueria\/rl_gallery\/software-peluqueria-pelugest\/?rl_gallery_no=1&#038;rl_page=2\">Siguiente &raquo;<\/a><\/div> <\/div><\/code><\/p>\n<h2 style=\"text-align: justify;\">Programa o Software Peluqueria \u00b7 Pelugest o Cuotagest<\/h2>\n<p style=\"text-align: justify;\">Este <strong>software peluqueria<\/strong>, <span style=\"text-decoration: underline;\">no necesita Internet para funciona<\/span>r, como la mayor\u00eda de los software peluqueria que hoy en d\u00eda se ven en el mercado. Sus datos estar\u00e1n en su equipo o pc. Podr\u00e1 realizar copias de seguridad en el ordenador local o en la nube que ofrecemos con la licencia.<\/p>\n<p style=\"text-align: justify;\">Programa de gesti\u00f3n para peluqueria de <strong>muy f\u00e1cil manejo e inutit\u00edvo<\/strong>. Su utilizaci\u00f3n le ahorrar\u00e1 mucho tiempo. Podr\u00e1 consultar la <strong>ficha de cliente<\/strong>, <strong>hist\u00f3rico<\/strong> del cliente, cobrar nuevos <strong>recibos<\/strong>, venderle productos, controlar el <strong>stock<\/strong>. Incluso aplicar <strong>descuentos<\/strong> y llevar el <strong>control de citas<\/strong>.<\/p>\n<p style=\"text-align: justify;\">El sistema <strong>permite emitir recibos o facturas a los clientes<\/strong>. Pelugest o Cuotagest Software Peluqueria tambi\u00e9n dispone de <strong>tarifas planas<\/strong> para un cliente. Algunos centros de est\u00e9tica ofertan tarifas planas mensuales a los clientes.<\/p>\n<p style=\"text-align: justify;\">Ser\u00e1 el propio software para peluquer\u00eda Pelugest-Cuotagest el que se encargar\u00e1 de <strong>generar los recibos mensuales por usted autom\u00e1ticamente<\/strong>.<\/p>\n<p style=\"text-align: justify;\">Tambi\u00e9n podr\u00e1 realizar <strong>cobros de recibos de la peluqueria<\/strong> normalmente, para cada clienta, simplemente accediendo a su ficha y accediendo al panel Recibos (o facturas). Es un software peluqueria o software para spa muy f\u00e1cil de usar.<\/p>\n<div id=\"attachment_17\" style=\"width: 310px\" class=\"wp-caption alignright\"><a href=\"https:\/\/cuotagest.com\/web\/software-peluqueria\/\"><img aria-describedby=\"caption-attachment-17\" loading=\"lazy\" src=\"https:\/\/pelugest.com\/software-peluqueria\/wp-content\/uploads\/2018\/08\/software_peluqueria-300x300.png\" alt=\"software peluqueria\" class=\"wp-image-17 size-medium\" width=\"300\" height=\"300\" srcset=\"https:\/\/pelugest.com\/software-peluqueria\/wp-content\/uploads\/2018\/08\/software_peluqueria-300x300.png 300w, https:\/\/pelugest.com\/software-peluqueria\/wp-content\/uploads\/2018\/08\/software_peluqueria-150x150.png 150w, https:\/\/pelugest.com\/software-peluqueria\/wp-content\/uploads\/2018\/08\/software_peluqueria.png 600w\" sizes=\"(max-width: 300px) 100vw, 300px\" \/><\/a><p id=\"caption-attachment-17\" class=\"wp-caption-text\">software peluqueria<\/p><\/div>\n<h2 style=\"text-align: justify;\">Ultima versi\u00f3n del Software Peluqueria<\/h2>\n<p style=\"text-align: justify;\">En la \u00faltima versi\u00f3n, entre varias de las mejoras, se ha creado el control de productos y stock: puede vender productos a sus clientes y el propio programa lleva el control de productos de su centro, autom\u00e1ticamente =).<\/p>\n<p style=\"text-align: justify;\">Con el software peluqueria Pelugest (o Software centros Spa), puede llevar el control de asistencia, simplemente usando el bot\u00f3n derecho del rat\u00f3n sobre un cliente. De esta manera, el software le permite consultar las asistencias de cada uno de los clientes. No hay necesidad de perder horas de su tiempo realizando esta gesti\u00f3n.<\/p>\n<p style=\"text-align: justify;\">Tampoco son necesarios conocimientos de inform\u00e1tica. El programa o software gestion peluqueria Pelugest, est\u00e1 dise\u00f1ado para que la utilizaci\u00f3n del programa sea sencilla: sus iconos del men\u00fa principal le facilitar\u00e1n la gesti\u00f3n de las peluqueria.<\/p>\n<p style=\"text-align: justify;\">Seg\u00fan le convenga, con un solo click del rat\u00f3n, usted podr\u00e1 ver el listado de los recibos o facturas, clientes, asistencia, informes, o incluso previsi\u00f3n de ingresos seg\u00fan los datos<\/p>\n<h2 style=\"text-align: justify;\">Descargar Software Peluqueria Gratis<\/h2>\n<p style=\"text-align: justify;\">Puede probar el Software Peluqueria gratis, sin compromiso alguno. Instalarlo en su ordenador y solicitar una licencia gratu\u00edta para ver si el software se adapta a sus necesidades. Tambi\u00e9n puede visitar la galer\u00eda de im\u00e1genes del programa, si desea simplemente ver capturas de pantalla para ver el dise\u00f1o y la funcionalidad.<\/p>\n<p style=\"text-align: justify;\"><img loading=\"lazy\" src=\"https:\/\/pelugest.com\/software-peluqueria\/wp-content\/uploads\/2018\/08\/software_peluqueria_icono.png\" alt=\"software peluqueria icono\" class=\"size-full wp-image-18 alignleft\" width=\"92\" height=\"86\" \/><a href=\"https:\/\/cuotagest.com\/web\/descargar\/\" target=\"_blank\" rel=\"noopener\">P\u00e1gina para descargar la \u00faltima versi\u00f3n del Software Gratis<\/a><\/p>\n<p style=\"text-align: justify;\">Si desea ver el manual, puede visitar esta p\u00e1gina donde encontrar\u00e1 <a href=\"https:\/\/cuotagest.com\/web\/ayuda\/\" target=\"_blank\" rel=\"noopener\">manuales, gu\u00edas r\u00e1pidas y m\u00e1s informaci\u00f3n<\/a> acerca del programa.<\/p>\n<h2 style=\"text-align: justify;\">Funcionamiento del Software Peluqueria<\/h2>\n<p style=\"text-align: justify;\">Vea el programa y algo del funcionamiento del software:<\/p>\n<p><iframe loading=\"lazy\" width=\"640\" height=\"360\" src=\"https:\/\/www.youtube.com\/embed\/oqk3yJZXA0s?list=PLjOjteGIeLtoYGyAjd96nhmOogR3qdH2B\" frameborder=\"0\" allow=\"autoplay; encrypted-media\" allowfullscreen=\"allowfullscreen\"><\/iframe><\/p>\n<h6 style=\"text-align: justify;\">Temas de inter\u00e9s: software peluqueria, gesti\u00f3n de peluqueria, software control de peluqueria, software centro estetica, software Spa, gestion clientes peluqueria, control facturas peluqueria, software gestion de recibos peluqueria<\/h6>\n","protected":false},"excerpt":{"rendered":"<p>Pelugest es un Software Peluqueria, para la gesti\u00f3n de peluqueria o centros de est\u00e9tica. Software de peluqueria, gesti\u00f3n de salones o sal\u00f3n de belleza y similares. Adaptado a centros de est\u00e9tica y peluquer\u00edas. Es una versi\u00f3n espec\u00edfica del software Cuotagest, para peluquer\u00edas y centros de est\u00e9tica. Tambi\u00e9n sirve como software [&hellip;]<\/p>\n","protected":false},"author":1,"featured_media":0,"parent":0,"menu_order":0,"comment_status":"closed","ping_status":"closed","template":"","meta":{"_monsterinsights_skip_tracking":false,"_monsterinsights_sitenote_active":false,"_monsterinsights_sitenote_note":"","_monsterinsights_sitenote_category":0},"_links":{"self":[{"href":"https:\/\/pelugest.com\/software-peluqueria\/wp-json\/wp\/v2\/pages\/69"}],"collection":[{"href":"https:\/\/pelugest.com\/software-peluqueria\/wp-json\/wp\/v2\/pages"}],"about":[{"href":"https:\/\/pelugest.com\/software-peluqueria\/wp-json\/wp\/v2\/types\/page"}],"author":[{"embeddable":true,"href":"https:\/\/pelugest.com\/software-peluqueria\/wp-json\/wp\/v2\/users\/1"}],"replies":[{"embeddable":true,"href":"https:\/\/pelugest.com\/software-peluqueria\/wp-json\/wp\/v2\/comments?post=69"}],"version-history":[{"count":9,"href":"https:\/\/pelugest.com\/software-peluqueria\/wp-json\/wp\/v2\/pages\/69\/revisions"}],"predecessor-version":[{"id":72,"href":"https:\/\/pelugest.com\/software-peluqueria\/wp-json\/wp\/v2\/pages\/69\/revisions\/72"}],"wp:attachment":[{"href":"https:\/\/pelugest.com\/software-peluqueria\/wp-json\/wp\/v2\/media?parent=69"}],"curies":[{"name":"wp","href":"https:\/\/api.w.org\/{rel}","templated":true}]}}